{"id":16,"date":"2026-02-09T15:18:52","date_gmt":"2026-02-09T15:18:52","guid":{"rendered":"https:\/\/widmer-hrconsultant.de\/?page_id=16"},"modified":"2026-03-28T13:32:36","modified_gmt":"2026-03-28T13:32:36","slug":"meine-services","status":"publish","type":"page","link":"https:\/\/widmer-hrconsultant.de\/en\/meine-services\/","title":{"rendered":"My Services"},"content":{"rendered":"<p>Pr\u00e4sentationen und Workshops \u00fcbernehme ich in Deutsch und Englisch<strong>.<\/strong><\/p>\n\n\n\n<p><strong>Einen HR Bereich vollumf\u00e4nglich zu leiten braucht meine Erfahrung und meine Ausbildungen<\/strong><\/p>\n\n\n\n<p><strong>Zusatzqualifikationen:<\/strong><\/p>\n\n\n\n<ul class=\"wp-block-list\">\n<li>Bilanzbuchhalterin mit IHK Abschluss<\/li>\n\n\n\n<li>Wirtschaftsmediatorin mit IHK Abschluss<\/li>\n\n\n\n<li>Change Manager (Haufe Akademie)<\/li>\n\n\n\n<li>Scrum Master<\/li>\n<\/ul>\n\n\n\n<p><br><strong>Intensive Kenntnisse und Erfahrung<\/strong><\/p>\n\n\n\n<ul class=\"wp-block-list\">\n<li>Sozialversicherungsrecht, Arbeitsrecht, Lohnsteuerrecht<\/li>\n\n\n\n<li>Betriebsverfassungsgesetz (incl. BR Verhandlungen)<\/li>\n\n\n\n<li>Personalentwicklung (Talent Management, FK Coaching,&#8230;)<\/li>\n\n\n\n<li>Analytisches Verst\u00e4ndnis f\u00fcr KPIs und Budgeterstellung und Ma\u00dfnahmen (Comp &amp; Benefit Bereich)<\/li>\n\n\n\n<li>Gesundes Unternehmen \/ BGM (BEM Gespr\u00e4che, Ma\u00dfnahmen aufgrund KPIs)<\/li>\n\n\n\n<li>HR Strategien \/ Unternehmenskultur &#8211; Change-Management Themen<\/li>\n<\/ul>","protected":false},"excerpt":{"rendered":"<p>Pr\u00e4sentationen und Workshops \u00fcbernehme ich in Deutsch und Englisch. Einen HR Bereich vollumf\u00e4nglich zu leiten braucht meine Erfahrung und meine Ausbildungen Zusatzqualifikationen: Intensive Kenntnisse und Erfahrung<\/p>","protected":false},"author":1,"featured_media":0,"parent":0,"menu_order":0,"comment_status":"closed","ping_status":"closed","template":"","meta":{"footnotes":""},"class_list":["post-16","page","type-page","status-publish","hentry"],"_links":{"self":[{"href":"https:\/\/widmer-hrconsultant.de\/en\/wp-json\/wp\/v2\/pages\/16","targetHints":{"allow":["GET"]}}],"collection":[{"href":"https:\/\/widmer-hrconsultant.de\/en\/wp-json\/wp\/v2\/pages"}],"about":[{"href":"https:\/\/widmer-hrconsultant.de\/en\/wp-json\/wp\/v2\/types\/page"}],"author":[{"embeddable":true,"href":"https:\/\/widmer-hrconsultant.de\/en\/wp-json\/wp\/v2\/users\/1"}],"replies":[{"embeddable":true,"href":"https:\/\/widmer-hrconsultant.de\/en\/wp-json\/wp\/v2\/comments?post=16"}],"version-history":[{"count":3,"href":"https:\/\/widmer-hrconsultant.de\/en\/wp-json\/wp\/v2\/pages\/16\/revisions"}],"predecessor-version":[{"id":314,"href":"https:\/\/widmer-hrconsultant.de\/en\/wp-json\/wp\/v2\/pages\/16\/revisions\/314"}],"wp:attachment":[{"href":"https:\/\/widmer-hrconsultant.de\/en\/wp-json\/wp\/v2\/media?parent=16"}],"curies":[{"name":"wp","href":"https:\/\/api.w.org\/{rel}","templated":true}]}}