{"id":18,"date":"2026-02-09T15:19:39","date_gmt":"2026-02-09T15:19:39","guid":{"rendered":"https:\/\/widmer-hrconsultant.de\/?page_id=18"},"modified":"2026-03-01T11:07:53","modified_gmt":"2026-03-01T11:07:53","slug":"interims-management","status":"publish","type":"page","link":"https:\/\/widmer-hrconsultant.de\/en\/meine-services\/interims-management\/","title":{"rendered":"Interims Management"},"content":{"rendered":"<p><strong>Meine St\u00e4rke liegt im Management der Personalabteilung. Ich kann die Personalabteilung aufgrund meiner Erfahrung sofort \u00fcbernehmen, weiterf\u00fchren, das Team zusammenhalten, Ver\u00e4nderungen einleiten und je nach Aufgabe einen kulturellen Wandel initiieren.<\/strong><\/p>\n\n\n\n<p><em>Where can I work as an interim manager?<\/em><\/p>\n\n\n\n<p><strong><mark style=\"background-color:rgba(0, 0, 0, 0)\" class=\"has-inline-color has-tertiary-color\">1. Temporary management of your HR department<\/mark><\/strong><\/p>\n\n\n\n<p>Due to the increasingly occurring shortage of qualified personnel, which also affects top management, interim managers are increasingly used as a buffer until the right person can be found for the positions. This can take up to a year. For some clients, I have gave this service up to 1.5 years. <\/p>\n\n\n\n<p><strong>Lead of HR means:<\/strong><\/p>\n\n\n\n<ul class=\"wp-block-list\">\n<li>Human Resource Management \u2013 Support for specialists and executives, administrative administrative tasks, works council negotiations, IG Metall negotiations, short-time work\/restructuring\/social plan, preparation of company agreements and collective bargaining agreements, HR software implementation, HR audits, negotiating termination agreements, introduction of CSR reports and policies, all kinds of change projects, MAGs, <\/li>\n\n\n\n<li>Recruiting <\/li>\n\n\n\n<li>Healthmanagement incl. BEM<\/li>\n\n\n\n<li>Payroll incl. Budgetplanung \/ Forecastplanung<\/li>\n\n\n\n<li>Compensation &amp; Benefits \u2013 Remuneration structures such as ERA introduction, pay transparency, <\/li>\n\n\n\n<li>Personnel development \u2013 Performance management, feedback system: introduction of Pulse, MAG systems, talent management, LMS systems; measurement of personnel development measures<\/li>\n<\/ul>\n\n\n\n<p><\/p>\n\n\n\n<p><strong><mark style=\"background-color:rgba(0, 0, 0, 0)\" class=\"has-inline-color has-tertiary-color\">2. in crises and as a 'hands-on manager'<\/mark><\/strong><\/p>\n\n\n\n<p>Interim managers are often deployed in crisis management or to restructure a part of a company. I have accompanied such change processes several times.<\/p>\n\n\n\n<p>Other areas of application include, among other things, bridging staff shortages or other types of vacancies. When things stall and no one really feels responsible, I come on board and start immediately!<\/p>\n\n\n\n<p><strong><mark style=\"background-color:rgba(0, 0, 0, 0)\" class=\"has-inline-color has-tertiary-color\">3. Projects \u2013 if you yourself have no capacities<\/mark><\/strong><\/p>\n\n\n\n<p>More recently, interim managers are increasingly being used in the context of project work when a company's own capacities or project management know-how are not sufficient. The same applies to specialist topics for which a company cannot maintain capacities on a permanent basis. Then I am happy to help!<\/p>\n\n\n\n<p>In different phases of company development, as well as in problems and tasks where specialist knowledge is needed for longer than just a few consulting days, or when the existing management cannot or does not want to solve the upcoming tasks on their own, I act as an interim manager to provide support in the respective areas of the company.<\/p>\n\n\n\n<p><strong><mark style=\"background-color:rgba(0, 0, 0, 0)\" class=\"has-inline-color has-tertiary-color\">4. PMI \/ M&amp;A \/ Restructuring <\/mark><\/strong><\/p>\n\n\n\n<p>I offer interim management support in company transitions and succession, in the purchase or sale of a business unit or the entire company.<\/p>\n\n\n\n<p>Sometimes it is necessary, in order to support one's own HR department, to have a restructuring and the associated discussions accompanied by interim managers. I conduct termination discussions together with the managers or prepare them for difficult conversations.<\/p>\n\n\n\n<p>Interim managers in crisis management are often seen as the \"fire department\" of corporate management, taking on often unpopular restructuring or even the closure and winding up of a company (so-called dirty jobs). It has to be done, but then please with appreciation. I am happy to talk to you about \"how\" you can do it!<\/p>\n\n\n\n<p><strong><mark style=\"background-color:rgba(0, 0, 0, 0)\" class=\"has-inline-color has-tertiary-color\">5. HR Strategy &amp; Cultural Change<\/mark><\/strong><\/p>\n\n\n\n<p>I support you within the framework of an HR strategy to align the corporate culture so that you have a target picture and know the steps to be initiated. Feel free to contact me on how I accompany and initiate a cultural change in HR. <\/p>\n\n\n\n<p><\/p>","protected":false},"excerpt":{"rendered":"<p>Meine St\u00e4rkte liegt in der Leitung des HR Bereiches. Ich kann den HR Bereich \u2013 aufgrund meiner Erfahrung \u2013 sofort \u00fcbernehmen, weiterf\u00fchren, das Team zusammenhalten, Ver\u00e4nderungen einleiten und je nach Aufgabenstellung eine Kulturver\u00e4nderung einleiten. Wo kann ich als Interims Manager eingesetzt werden? 1. Vor\u00fcbergehende Leitung Ihres HR Bereiches Durch den vermehrt auftretenden Mangel an qualifizierten [&hellip;]<\/p>\n","protected":false},"author":1,"featured_media":0,"parent":16,"menu_order":0,"comment_status":"closed","ping_status":"closed","template":"","meta":{"footnotes":""},"class_list":["post-18","page","type-page","status-publish","hentry"],"_links":{"self":[{"href":"https:\/\/widmer-hrconsultant.de\/en\/wp-json\/wp\/v2\/pages\/18","targetHints":{"allow":["GET"]}}],"collection":[{"href":"https:\/\/widmer-hrconsultant.de\/en\/wp-json\/wp\/v2\/pages"}],"about":[{"href":"https:\/\/widmer-hrconsultant.de\/en\/wp-json\/wp\/v2\/types\/page"}],"author":[{"embeddable":true,"href":"https:\/\/widmer-hrconsultant.de\/en\/wp-json\/wp\/v2\/users\/1"}],"replies":[{"embeddable":true,"href":"https:\/\/widmer-hrconsultant.de\/en\/wp-json\/wp\/v2\/comments?post=18"}],"version-history":[{"count":13,"href":"https:\/\/widmer-hrconsultant.de\/en\/wp-json\/wp\/v2\/pages\/18\/revisions"}],"predecessor-version":[{"id":289,"href":"https:\/\/widmer-hrconsultant.de\/en\/wp-json\/wp\/v2\/pages\/18\/revisions\/289"}],"up":[{"embeddable":true,"href":"https:\/\/widmer-hrconsultant.de\/en\/wp-json\/wp\/v2\/pages\/16"}],"wp:attachment":[{"href":"https:\/\/widmer-hrconsultant.de\/en\/wp-json\/wp\/v2\/media?parent=18"}],"curies":[{"name":"wp","href":"https:\/\/api.w.org\/{rel}","templated":true}]}}