{"id":32,"date":"2026-02-09T15:25:31","date_gmt":"2026-02-09T15:25:31","guid":{"rendered":"https:\/\/widmer-hrconsultant.de\/?page_id=32"},"modified":"2026-02-18T16:37:49","modified_gmt":"2026-02-18T16:37:49","slug":"agile-transformation","status":"publish","type":"page","link":"https:\/\/widmer-hrconsultant.de\/en\/meine-services\/agile-transformation\/","title":{"rendered":"Agile Transformation"},"content":{"rendered":"<p><strong>My view on the agile transformation:<\/strong><\/p>\n\n\n\n<p>Flexibility in personnel development arises, for example, when agile methods like Scrum or Kanban are used.<\/p>\n\n\n\n<p>This allows complex projects to be divided into smaller and manageable tasks, and changes can be responded to more quickly.<\/p>\n\n\n\n<p>Agile HR work promotes personal responsibility and processes are decided together.<\/p>\n\n\n\n<p><strong>My conclusion: Higher employee satisfaction!<\/strong><\/p>\n\n\n\n<p>Leadership structures, teams, and tasks have also changed significantly in recent years, on the one hand due to altered cultural adjustments, the consideration of different generations, and company requirements such as CSR guidelines.<\/p>\n\n\n\n<p>All this requires flexibility and the inclusion of those involved.<\/p>\n\n\n\n<p>In particular, digitalization requires agile approaches to modernize the world of work and meet the demands of companies and employees.<\/p>\n\n\n\n<p><br><strong>In workshops, I work with you to develop new organizational structures and modern collaboration models.<\/strong><\/p>\n\n\n\n<p><strong>I accompany the implementation.<\/strong><\/p>\n\n\n\n<p>With modern governance approaches in corporate management, I help you to implement cultural changes.<\/p>\n\n\n\n<p><strong>An important topic: Expenses!<\/strong><\/p>\n\n\n\n<p>The development of cost transparency and the creation of new value creation models in the HR area (entrepreneurial HR orientation) with your HR team will further develop the HR department in its entrepreneurial thinking and take it to the next level.<\/p>\n\n\n\n<p><strong>This is how I make HR to a visualizer!<\/strong><\/p>\n\n\n\n<p><\/p>","protected":false},"excerpt":{"rendered":"<p>Mein Blick auf die agile Transformation: Flexibilit\u00e4t in der Personalentwicklung entsteht zum Beispiel wenn agile Methoden wie Scrum oder Kanban eingesetzt werden. Dadurch k\u00f6nnen komplexe Projekte in kleinere und handhabbare Aufgaben unterteilt werden und es kann schneller auf Ver\u00e4nderungen reagiert werden. Agile Personalarbeit f\u00f6rdert die Eigenverantwortung und Prozesse werden gemeinsam entschieden. Mein Fazit: H\u00f6here Mitarbeiterzufriedenheit! [&hellip;]<\/p>\n","protected":false},"author":1,"featured_media":0,"parent":16,"menu_order":0,"comment_status":"closed","ping_status":"closed","template":"","meta":{"footnotes":""},"class_list":["post-32","page","type-page","status-publish","hentry"],"_links":{"self":[{"href":"https:\/\/widmer-hrconsultant.de\/en\/wp-json\/wp\/v2\/pages\/32","targetHints":{"allow":["GET"]}}],"collection":[{"href":"https:\/\/widmer-hrconsultant.de\/en\/wp-json\/wp\/v2\/pages"}],"about":[{"href":"https:\/\/widmer-hrconsultant.de\/en\/wp-json\/wp\/v2\/types\/page"}],"author":[{"embeddable":true,"href":"https:\/\/widmer-hrconsultant.de\/en\/wp-json\/wp\/v2\/users\/1"}],"replies":[{"embeddable":true,"href":"https:\/\/widmer-hrconsultant.de\/en\/wp-json\/wp\/v2\/comments?post=32"}],"version-history":[{"count":3,"href":"https:\/\/widmer-hrconsultant.de\/en\/wp-json\/wp\/v2\/pages\/32\/revisions"}],"predecessor-version":[{"id":177,"href":"https:\/\/widmer-hrconsultant.de\/en\/wp-json\/wp\/v2\/pages\/32\/revisions\/177"}],"up":[{"embeddable":true,"href":"https:\/\/widmer-hrconsultant.de\/en\/wp-json\/wp\/v2\/pages\/16"}],"wp:attachment":[{"href":"https:\/\/widmer-hrconsultant.de\/en\/wp-json\/wp\/v2\/media?parent=32"}],"curies":[{"name":"wp","href":"https:\/\/api.w.org\/{rel}","templated":true}]}}