{"id":6,"date":"2026-02-09T14:58:18","date_gmt":"2026-02-09T14:58:18","guid":{"rendered":"https:\/\/widmer-hrconsultant.de\/?page_id=6"},"modified":"2026-03-09T08:31:21","modified_gmt":"2026-03-09T08:31:21","slug":"home","status":"publish","type":"page","link":"https:\/\/widmer-hrconsultant.de\/en\/","title":{"rendered":"Home"},"content":{"rendered":"<section class=\"wp-block-group vertical-spacing has-global-padding is-layout-constrained wp-container-core-group-is-layout-35a73fa7 wp-block-group-is-layout-constrained\" style=\"margin-top:0;margin-bottom:0;padding-top:50px;padding-right:20px;padding-bottom:50px;padding-left:20px\">\n<div class=\"wp-block-group vertical-spacing has-primary-background-color has-background has-global-padding is-layout-constrained wp-container-core-group-is-layout-8107a023 wp-block-group-is-layout-constrained\" style=\"border-radius:20px;margin-top:0;margin-bottom:0;padding-top:80px;padding-right:60px;padding-bottom:80px;padding-left:60px\">\n<div class=\"wp-block-columns are-vertically-aligned-center is-layout-flex wp-container-core-columns-is-layout-2efc6898 wp-block-columns-is-layout-flex\">\n<div class=\"wp-block-column is-vertically-aligned-center is-layout-flow wp-block-column-is-layout-flow\" style=\"flex-basis:55%\">\n<h1 class=\"wp-block-heading has-xx-large-font-size\"><em>Martina Widmer<\/em> <br>\u2013 HR Senior Consultant<\/h1>\n\n\n\n<p style=\"padding-top:12px;padding-bottom:var(--wp--preset--spacing--20)\">Your expert for interim HR management, HR project work, HR strategy, internal mediation, career planning and mentoring, talent management, management of HR workshops\/HR summits, and agile transformation.<\/p>\n\n\n\n<p style=\"padding-top:12px;padding-bottom:var(--wp--preset--spacing--20)\">shortly: <strong>I'm a hands-on-manager in all HR areas!<\/strong><\/p>\n\n\n\n<div class=\"wp-block-buttons is-content-justification-left is-layout-flex wp-container-core-buttons-is-layout-06773710 wp-block-buttons-is-layout-flex\" style=\"padding-top:var(--wp--preset--spacing--20)\">\n<div class=\"wp-block-button\"><a class=\"wp-block-button__link has-text-align-left wp-element-button\" href=\"https:\/\/widmer-hrconsultant.de\/?page_id=88\">Contact<\/a><\/div>\n\n\n\n<div class=\"wp-block-button is-style-outline is-style-outline--1\"><a class=\"wp-block-button__link has-text-align-left wp-element-button\" href=\"https:\/\/widmer-hrconsultant.de\/thats-me\/\">That&#8217;s me<\/a><\/div>\n<\/div>\n<\/div>\n\n\n\n<div class=\"wp-block-column is-vertically-aligned-center is-layout-flow wp-block-column-is-layout-flow\" style=\"flex-basis:45%\">\n<div class=\"wp-block-cover is-light responsive-cover-img wp-duotone-duotone-1\" style=\"border-radius:20px;min-height:520px;aspect-ratio:unset;\"><img loading=\"lazy\" decoding=\"async\" width=\"1707\" height=\"2560\" class=\"wp-block-cover__image-background wp-image-10 size-full\" alt=\"\" src=\"https:\/\/widmer-hrconsultant.de\/wp-content\/uploads\/2026\/02\/Widmer_2024-scaled.jpg\" data-object-fit=\"cover\" srcset=\"https:\/\/widmer-hrconsultant.de\/wp-content\/uploads\/2026\/02\/Widmer_2024-scaled.jpg 1707w, https:\/\/widmer-hrconsultant.de\/wp-content\/uploads\/2026\/02\/Widmer_2024-200x300.jpg 200w, https:\/\/widmer-hrconsultant.de\/wp-content\/uploads\/2026\/02\/Widmer_2024-683x1024.jpg 683w, https:\/\/widmer-hrconsultant.de\/wp-content\/uploads\/2026\/02\/Widmer_2024-768x1152.jpg 768w, https:\/\/widmer-hrconsultant.de\/wp-content\/uploads\/2026\/02\/Widmer_2024-1024x1536.jpg 1024w, https:\/\/widmer-hrconsultant.de\/wp-content\/uploads\/2026\/02\/Widmer_2024-1365x2048.jpg 1365w\" sizes=\"auto, (max-width: 1707px) 100vw, 1707px\" \/><span aria-hidden=\"true\" class=\"wp-block-cover__background has-background-dim-0 has-background-dim\"><\/span><div class=\"wp-block-cover__inner-container has-global-padding is-layout-constrained wp-block-cover-is-layout-constrained\">\n<p class=\"has-text-align-center has-large-font-size\"><\/p>\n<\/div><\/div>\n<\/div>\n<\/div>\n<\/div>\n<\/section>\n\n\n\n<section class=\"wp-block-group bottom-spacing has-global-padding is-layout-constrained wp-container-core-group-is-layout-a77cb11f wp-block-group-is-layout-constrained\" style=\"margin-top:var(--wp--preset--spacing--40);margin-bottom:100px;padding-top:0px;padding-right:20px;padding-bottom:0px;padding-left:20px\">\n<div class=\"wp-block-group bottom-spacing has-global-padding is-content-justification-left is-layout-constrained wp-container-core-group-is-layout-01d50d93 wp-block-group-is-layout-constrained\" style=\"margin-bottom:80px\">\n<p class=\"has-text-align-left\" style=\"text-transform:uppercase\">My Services<\/p>\n\n\n\n<h2 class=\"wp-block-heading has-text-align-left\" style=\"font-size:clamp(30.693px, 1.918rem + ((1vw - 3.2px) * 2.533), 54px);\">HR Competence <em>tailored to your needs<\/em><\/h2>\n<\/div>\n\n\n\n<div class=\"wp-block-group is-layout-grid wp-container-core-group-is-layout-70665dfc wp-block-group-is-layout-grid\">\n<div class=\"wp-block-cover is-light wp-container-content-ed3cedb0 wp-duotone-duotone-1\" style=\"border-top-left-radius:10px;border-top-right-radius:10px;border-bottom-left-radius:10px;border-bottom-right-radius:10px\"><img loading=\"lazy\" decoding=\"async\" width=\"2126\" height=\"1419\" class=\"wp-block-cover__image-background wp-image-95 size-full\" alt=\"\" src=\"https:\/\/widmer-hrconsultant.de\/wp-content\/uploads\/2026\/02\/Widmer8.jpg\" style=\"object-position:73% 46%\" data-object-fit=\"cover\" data-object-position=\"73% 46%\" srcset=\"https:\/\/widmer-hrconsultant.de\/wp-content\/uploads\/2026\/02\/Widmer8.jpg 2126w, https:\/\/widmer-hrconsultant.de\/wp-content\/uploads\/2026\/02\/Widmer8-300x200.jpg 300w, https:\/\/widmer-hrconsultant.de\/wp-content\/uploads\/2026\/02\/Widmer8-1024x683.jpg 1024w, https:\/\/widmer-hrconsultant.de\/wp-content\/uploads\/2026\/02\/Widmer8-768x513.jpg 768w, https:\/\/widmer-hrconsultant.de\/wp-content\/uploads\/2026\/02\/Widmer8-1536x1025.jpg 1536w, https:\/\/widmer-hrconsultant.de\/wp-content\/uploads\/2026\/02\/Widmer8-2048x1367.jpg 2048w\" sizes=\"auto, (max-width: 2126px) 100vw, 2126px\" \/><span aria-hidden=\"true\" class=\"wp-block-cover__background has-primary-background-color has-background-dim-70 has-background-dim\"><\/span><div class=\"wp-block-cover__inner-container has-global-padding is-layout-constrained wp-block-cover-is-layout-constrained\">\n<p><\/p>\n<\/div><\/div>\n\n\n\n<div class=\"wp-block-group is-style-default has-base-background-color has-background wp-container-content-36aae9ea has-global-padding is-layout-constrained wp-container-core-group-is-layout-36f3f318 wp-block-group-is-layout-constrained\" style=\"border-radius:10px;padding-top:60px;padding-right:40px;padding-bottom:60px;padding-left:40px\">\n<h3 class=\"wp-block-heading\">Interims-Management<\/h3>\n\n\n\n<p>Immediately I take responsibility for your HR department and lead your team safely through every phase.<\/p>\n\n\n\n<p><a href=\"https:\/\/widmer-hrconsultant.de\/meine-services\/interims-management\/\" data-type=\"page\" data-id=\"18\"><strong>To service &gt;<\/strong><\/a><\/p>\n<\/div>\n\n\n\n<div class=\"wp-block-group has-base-background-color has-background has-global-padding is-layout-constrained wp-container-core-group-is-layout-36f3f318 wp-block-group-is-layout-constrained\" style=\"border-radius:10px;padding-top:60px;padding-right:40px;padding-bottom:60px;padding-left:40px\">\n<h3 class=\"wp-block-heading\">HR-projects<\/h3>\n\n\n\n<p>From software implementation to restructuring: With 25 years of experience, I carry out your HR projects targeted and efficient.<\/p>\n\n\n\n<p><a href=\"https:\/\/widmer-hrconsultant.de\/meine-services\/hr-projekte\/\" data-type=\"page\" data-id=\"20\"><strong>To service &gt;<\/strong> &gt;<\/a><\/p>\n<\/div>\n\n\n\n<div class=\"wp-block-group has-base-background-color has-background has-global-padding is-layout-constrained wp-container-core-group-is-layout-36f3f318 wp-block-group-is-layout-constrained\" style=\"border-radius:10px;padding-top:60px;padding-right:40px;padding-bottom:60px;padding-left:40px\">\n<h3 class=\"wp-block-heading\">HR-Strategy<\/h3>\n\n\n\n<p>Together we develop a tailor-made HR strategy that sustainably strengthens your company \u2013 transparent, participatory, and results-oriented.<\/p>\n\n\n\n<p><a href=\"https:\/\/widmer-hrconsultant.de\/meine-services\/hr-strategien\/\" data-type=\"page\" data-id=\"22\"><strong>To service &gt;<\/strong> &gt;<\/a><\/p>\n<\/div>\n\n\n\n<div class=\"wp-block-group has-base-background-color has-background wp-container-content-36aae9ea has-global-padding is-layout-constrained wp-container-core-group-is-layout-36f3f318 wp-block-group-is-layout-constrained\" style=\"border-radius:10px;padding-top:60px;padding-right:40px;padding-bottom:60px;padding-left:40px\">\n<h3 class=\"wp-block-heading\">Internal mediation<\/h3>\n\n\n\n<p>Resolve conflicts before they escalate: As a certified mediator, I discreetly and solution-orientedly guide you to a win-win situation.<\/p>\n\n\n\n<p><a href=\"https:\/\/widmer-hrconsultant.de\/meine-services\/innerbetriebliche-mediation\/\" data-type=\"page\" data-id=\"24\"><strong>To service &gt;<\/strong> &gt;<\/a><\/p>\n<\/div>\n\n\n\n<div class=\"wp-block-group has-base-background-color has-background has-global-padding is-layout-constrained wp-container-core-group-is-layout-36f3f318 wp-block-group-is-layout-constrained\" style=\"border-radius:10px;padding-top:60px;padding-right:40px;padding-bottom:60px;padding-left:40px\">\n<h3 class=\"wp-block-heading\">Career planning and support<\/h3>\n\n\n\n<p>Your career in focus: With individual guidance, potential analyses, and targeted mentoring, I promote talents \u2013 for more satisfaction and success.<\/p>\n\n\n\n<p><a href=\"https:\/\/widmer-hrconsultant.de\/meine-services\/karriereplanung-und-begleitung\/\" data-type=\"page\" data-id=\"26\"><strong>To service &gt;<\/strong> &gt;<\/a><\/p>\n<\/div>\n\n\n\n<div class=\"wp-block-group has-base-background-color has-background has-global-padding is-layout-constrained wp-container-core-group-is-layout-36f3f318 wp-block-group-is-layout-constrained\" style=\"border-radius:10px;padding-top:60px;padding-right:40px;padding-bottom:60px;padding-left:40px\">\n<h3 class=\"wp-block-heading\">Talent-Management<\/h3>\n\n\n\n<p>Recognize, develop, and retain high potentials: With structured programs and long-term support, I secure the future of your company.<\/p>\n\n\n\n<p><a href=\"https:\/\/widmer-hrconsultant.de\/meine-services\/talent-management-insbesondere-high-potential-programme\/\" data-type=\"page\" data-id=\"28\"><strong>To service &gt;<\/strong> &gt;<\/a><\/p>\n<\/div>\n\n\n\n<div class=\"wp-block-group has-base-background-color has-background has-global-padding is-layout-constrained wp-container-core-group-is-layout-36f3f318 wp-block-group-is-layout-constrained\" style=\"border-radius:10px;padding-top:60px;padding-right:40px;padding-bottom:60px;padding-left:40px\">\n<h3 class=\"wp-block-heading\">Lead of your HR Workshops \/ HR Summits<\/h3>\n\n\n\n<p>Inspiring workshops and international HR summits: I create events that convey knowledge, connect teams, and deliver sustainable results.<\/p>\n\n\n\n<p><a href=\"https:\/\/widmer-hrconsultant.de\/meine-services\/leitung-ihres-hr-summit-workshops\/\" data-type=\"page\" data-id=\"30\"><strong>To service &gt;<\/strong> &gt;<\/a><\/p>\n<\/div>\n\n\n\n<div class=\"wp-block-group has-base-background-color has-background wp-container-content-19930ae8 has-global-padding is-layout-constrained wp-container-core-group-is-layout-36f3f318 wp-block-group-is-layout-constrained\" style=\"border-radius:10px;padding-top:60px;padding-right:40px;padding-bottom:60px;padding-left:40px\">\n<h3 class=\"wp-block-heading\">Agile Transformation<\/h3>\n\n\n\n<p>Flexibility and personal responsibility in the HR sector: I accompany you in the introduction of agile methods \u2013 for modern and future-proof HR work.<\/p>\n\n\n\n<p><a href=\"https:\/\/widmer-hrconsultant.de\/meine-services\/agile-transformation\/\" data-type=\"page\" data-id=\"32\"><strong>To service &gt;<\/strong> &gt;<\/a><\/p>\n<\/div>\n\n\n\n<div class=\"wp-block-group wp-container-content-19769797 has-global-padding is-layout-constrained wp-container-core-group-is-layout-3c2f6554 wp-block-group-is-layout-constrained\" style=\"border-width:1px;border-radius:10px;padding-top:60px;padding-right:40px;padding-bottom:60px;padding-left:40px\">\n<div class=\"wp-block-columns is-layout-flex wp-container-core-columns-is-layout-28f84493 wp-block-columns-is-layout-flex\">\n<div class=\"wp-block-column is-layout-flow wp-block-column-is-layout-flow\" style=\"flex-basis:66.66%\">\n<div class=\"wp-block-group has-global-padding is-layout-constrained wp-block-group-is-layout-constrained\">\n<h3 class=\"wp-block-heading\">Have I aroused your interest?<\/h3>\n\n\n\n<p>Contact me very easily through my contact form.<\/p>\n<\/div>\n<\/div>\n\n\n\n<div class=\"wp-block-column is-vertically-aligned-bottom is-layout-flow wp-block-column-is-layout-flow\" style=\"flex-basis:33.33%\">\n<div class=\"wp-block-buttons is-content-justification-center is-layout-flex wp-container-core-buttons-is-layout-72caf8c6 wp-block-buttons-is-layout-flex\">\n<div class=\"wp-block-button has-custom-width wp-block-button__width-75 is-style-fill\"><a class=\"wp-block-button__link wp-element-button\" href=\"https:\/\/widmer-hrconsultant.de\/kontakt\/\">Contact<\/a><\/div>\n<\/div>\n<\/div>\n<\/div>\n<\/div>\n<\/div>\n<\/section>","protected":false},"excerpt":{"rendered":"<p>Martina Widmer \u2013 HR Senior Consultant Ihre Expertin f\u00fcr die interimistische HR Leitung, HR Projekt Arbeit, HR Strategie, Innerbetriebliche Mediation, Karriereplanung und Mentoring, Talent Management, Leitung HR Workshops \/ HR Summit, Agile Transformation und Restrukturierungen. Kurz: Ich bin der \u201eHands-on-Manager\u201c in allen HR Bereichen! Meine Services HR-Kompetenz &#8211; ma\u00dfgeschneidert f\u00fcr Ihre Bed\u00fcrfnisse Interims-Management Ich \u00fcbernehme [&hellip;]<\/p>\n","protected":false},"author":1,"featured_media":0,"parent":0,"menu_order":0,"comment_status":"closed","ping_status":"closed","template":"page-no-title","meta":{"footnotes":""},"class_list":["post-6","page","type-page","status-publish","hentry"],"_links":{"self":[{"href":"https:\/\/widmer-hrconsultant.de\/en\/wp-json\/wp\/v2\/pages\/6","targetHints":{"allow":["GET"]}}],"collection":[{"href":"https:\/\/widmer-hrconsultant.de\/en\/wp-json\/wp\/v2\/pages"}],"about":[{"href":"https:\/\/widmer-hrconsultant.de\/en\/wp-json\/wp\/v2\/types\/page"}],"author":[{"embeddable":true,"href":"https:\/\/widmer-hrconsultant.de\/en\/wp-json\/wp\/v2\/users\/1"}],"replies":[{"embeddable":true,"href":"https:\/\/widmer-hrconsultant.de\/en\/wp-json\/wp\/v2\/comments?post=6"}],"version-history":[{"count":48,"href":"https:\/\/widmer-hrconsultant.de\/en\/wp-json\/wp\/v2\/pages\/6\/revisions"}],"predecessor-version":[{"id":302,"href":"https:\/\/widmer-hrconsultant.de\/en\/wp-json\/wp\/v2\/pages\/6\/revisions\/302"}],"wp:attachment":[{"href":"https:\/\/widmer-hrconsultant.de\/en\/wp-json\/wp\/v2\/media?parent=6"}],"curies":[{"name":"wp","href":"https:\/\/api.w.org\/{rel}","templated":true}]}}